{"id":1151,"date":"2019-10-19T06:42:06","date_gmt":"2019-10-19T04:42:06","guid":{"rendered":"http:\/\/localhost\/it-bizz\/?page_id=1151"},"modified":"2022-03-13T21:32:48","modified_gmt":"2022-03-13T20:32:48","slug":"nos-projets","status":"publish","type":"page","link":"https:\/\/onetim.fr\/index.php\/nos-projets\/","title":{"rendered":"Nos projets"},"content":{"rendered":"<p>[vc_row tm_bgimagefixed=&#8221;&#8221; full_width=&#8221;stretch_row&#8221; css=&#8221;.vc_custom_1571467707275{padding-top: 63px !important;padding-bottom: 79px !important;}&#8221;][vc_column]<div class=\"themetechmount-boxes themetechmount-boxes-portfolio themetechmount-boxes-view-default themetechmount-boxes-col-three themetechmount-boxes-sortable-yes themetechmount-boxes-textalign-left tm-cta3-rev-heading themetechmount-boxes-spacing-10px\">\n\t\t<div class=\"themetechmount-boxes-inner themetechmount-boxes-portfolio-inner \"><div class=\"themetechmount-box-heading-wrapper tm-element-align-left\"><div class=\"tm-element-heading-wrapper tm-heading-inner tm-element-align-left tm-seperator-solid tm-heading-style-vertical \"><section class=\"tm-vc_cta3-container\"><div class=\"tm-vc_general tm-vc_cta3 tm-cta3-only tm-vc_cta3-style-classic tm-vc_cta3-shape-rounded tm-vc_cta3-align-left tm-vc_cta3-color-transparent tm-vc_cta3-icon-size-md tm-vc_cta3-actions-no tm-cta3-with-desc\"><div class=\"tm-vc_cta3_content-container\"><div class=\"tm-vc_cta3-content\"><header class=\"tm-vc_cta3-content-header tm-wrap\"><div class=\"tm-vc_cta3-headers tm-wrap-cell\"><h2 class=\"tm-custom-heading \" >Nos projets<\/h2>\n<\/div><\/header><div class=\"tm-cta3-content-wrapper\"><p>Ci-dessous, quelques-unes de nos r\u00e9alisations :<\/p><\/div><\/div><\/div><\/div><\/section><\/div> <!-- .tm-element-heading-wrapper container --> <\/div> <!-- .tm-element-heading-wrapper container --> \n\t\t\t<div class=\"tm-sortable-wrapper tm-sortable-wrapper-portfolio\"><nav class=\"tm-sortable-list\"><ul><li class=\"tm-sortable-link tm-sortable-all-link\"><a class=\"selected\" href=\"javascript:void(0);\" data-filter=\"*\"> All <\/a><\/li><li class=\"tm-sortable-link\"><a href=\"javascript:void(0);\" data-filter=\".site-vitrine\">Site vitrine<\/a><\/li><li class=\"tm-sortable-link\"><a href=\"javascript:void(0);\" data-filter=\".conseil-accompagnement\">Conseil &amp; Accompagnement<\/a><\/li><li class=\"tm-sortable-link\"><a href=\"javascript:void(0);\" data-filter=\".messagerie-professionnelle\">Messagerie professionnelle<\/a><\/li><li class=\"tm-sortable-link\"><a href=\"javascript:void(0);\" data-filter=\".reseaux-securite\">R\u00e9seaux &amp; S\u00e9curit\u00e9<\/a><\/li><li class=\"tm-sortable-link\"><a href=\"javascript:void(0);\" data-filter=\".telephonie-externalisee\">T\u00e9l\u00e9phonie Externalis\u00e9e<\/a><\/li><li class=\"tm-sortable-link\"><a href=\"javascript:void(0);\" data-filter=\".site-e-commerce\">Site e-commerce<\/a><\/li><li class=\"tm-sortable-link\"><a href=\"javascript:void(0);\" data-filter=\".sauvegarde-externalisee\">Sauvegarde Externalis\u00e9e<\/a><\/li><li class=\"tm-sortable-link\"><a href=\"javascript:void(0);\" data-filter=\".telephonie\">T\u00e9l\u00e9phonie<\/a><\/li><\/ul><\/nav><\/div>\n\t\t\t<div class=\"row multi-columns-row themetechmount-boxes-row-wrapper\">\n\t\t\t\t<div class=\"tm-box-col-wrapper col-lg-4 col-sm-6 col-md-4 col-xs-12 site-vitrine\"><article class=\"themetechmount-box themetechmount-box-portfolio themetechmount-box-view-style-one themetechmount-portfolio-box-view-style-one\">\r\n\t<div class=\"themetechmount-post-item\">\t\r\n\t\t<div class=\"themetechmount-post-item-inner\">\r\n\t\t\t<div class=\"tm-featured-wrapper tm-tm_portfolio-featured-wrapper\"><a href=\"https:\/\/onetim.fr\/index.php\/portfolio\/bodystimulation-sport\/\"><img width=\"654\" height=\"490\" src=\"https:\/\/onetim.fr\/wp-content\/uploads\/2023\/05\/smartmockups_Bodystimulation-654x490.jpg\" class=\"attachment-themetechmount-img-blog-top size-themetechmount-img-blog-top wp-post-image\" alt=\"\" loading=\"lazy\" data-id=\"4408\" \/><\/a><\/div>\t\t\t\r\n\t\t\t<div class=\"themetechmount-box-bottom-content\">\t\t\r\n\t\t\t\t<div class=\"themetechmount-box-category\"><a href=\"https:\/\/onetim.fr\/index.php\/portfolio-category\/site-vitrine\/\" rel=\"tag\">Site vitrine<\/a><\/div>\r\n\t\t\t\t<div class=\"themetechmount-box-title\"><h4><a href=\"https:\/\/onetim.fr\/index.php\/portfolio\/bodystimulation-sport\/\">BODYSTIMULATION (Sport)<\/a><\/h4><\/div>\t\t\r\n\t\t    <\/div>\r\n\t\t<\/div>\t\t\r\n\t<\/div>\r\n<\/article><\/div><div class=\"tm-box-col-wrapper col-lg-4 col-sm-6 col-md-4 col-xs-12 site-vitrine\"><article class=\"themetechmount-box themetechmount-box-portfolio themetechmount-box-view-style-one themetechmount-portfolio-box-view-style-one\">\r\n\t<div class=\"themetechmount-post-item\">\t\r\n\t\t<div class=\"themetechmount-post-item-inner\">\r\n\t\t\t<div class=\"tm-featured-wrapper tm-tm_portfolio-featured-wrapper\"><a href=\"https:\/\/onetim.fr\/index.php\/portfolio\/la-bardez-assainissement\/\"><img width=\"654\" height=\"490\" src=\"https:\/\/onetim.fr\/wp-content\/uploads\/2023\/04\/smartmockups_LA-BARDEZ-654x490.jpg\" class=\"attachment-themetechmount-img-blog-top size-themetechmount-img-blog-top wp-post-image\" alt=\"\" loading=\"lazy\" data-id=\"4395\" \/><\/a><\/div>\t\t\t\r\n\t\t\t<div class=\"themetechmount-box-bottom-content\">\t\t\r\n\t\t\t\t<div class=\"themetechmount-box-category\"><a href=\"https:\/\/onetim.fr\/index.php\/portfolio-category\/site-vitrine\/\" rel=\"tag\">Site vitrine<\/a><\/div>\r\n\t\t\t\t<div class=\"themetechmount-box-title\"><h4><a href=\"https:\/\/onetim.fr\/index.php\/portfolio\/la-bardez-assainissement\/\">LA BARDEZ (Assainissement)<\/a><\/h4><\/div>\t\t\r\n\t\t    <\/div>\r\n\t\t<\/div>\t\t\r\n\t<\/div>\r\n<\/article><\/div><div class=\"tm-box-col-wrapper col-lg-4 col-sm-6 col-md-4 col-xs-12 site-vitrine\"><article class=\"themetechmount-box themetechmount-box-portfolio themetechmount-box-view-style-one themetechmount-portfolio-box-view-style-one\">\r\n\t<div class=\"themetechmount-post-item\">\t\r\n\t\t<div class=\"themetechmount-post-item-inner\">\r\n\t\t\t<div class=\"tm-featured-wrapper tm-tm_portfolio-featured-wrapper\"><a href=\"https:\/\/onetim.fr\/index.php\/portfolio\/albiance-conseil\/\"><img width=\"654\" height=\"490\" src=\"https:\/\/onetim.fr\/wp-content\/uploads\/2022\/02\/smartmockups_Albiance-654x490.jpg\" class=\"attachment-themetechmount-img-blog-top size-themetechmount-img-blog-top wp-post-image\" alt=\"Albiance cr\u00e9ation de site internet\" loading=\"lazy\" data-id=\"2620\" \/><\/a><\/div>\t\t\t\r\n\t\t\t<div class=\"themetechmount-box-bottom-content\">\t\t\r\n\t\t\t\t<div class=\"themetechmount-box-category\"><a href=\"https:\/\/onetim.fr\/index.php\/portfolio-category\/site-vitrine\/\" rel=\"tag\">Site vitrine<\/a><\/div>\r\n\t\t\t\t<div class=\"themetechmount-box-title\"><h4><a href=\"https:\/\/onetim.fr\/index.php\/portfolio\/albiance-conseil\/\">Albiance (Conseil)<\/a><\/h4><\/div>\t\t\r\n\t\t    <\/div>\r\n\t\t<\/div>\t\t\r\n\t<\/div>\r\n<\/article><\/div><div class=\"tm-box-col-wrapper col-lg-4 col-sm-6 col-md-4 col-xs-12 conseil-accompagnement messagerie-professionnelle reseaux-securite telephonie-externalisee\"><article class=\"themetechmount-box themetechmount-box-portfolio themetechmount-box-view-style-one themetechmount-portfolio-box-view-style-one\">\r\n\t<div class=\"themetechmount-post-item\">\t\r\n\t\t<div class=\"themetechmount-post-item-inner\">\r\n\t\t\t<div class=\"tm-featured-wrapper tm-tm_portfolio-featured-wrapper\"><a href=\"https:\/\/onetim.fr\/index.php\/portfolio\/externalisation-du-systeme-dinformatique-la-jardinerie-g-themar\/\"><img width=\"654\" height=\"490\" src=\"https:\/\/onetim.fr\/wp-content\/uploads\/2022\/01\/smartmockups_LA-JARDINERIE-654x490.jpg\" class=\"attachment-themetechmount-img-blog-top size-themetechmount-img-blog-top wp-post-image\" alt=\"La Jardinerie projet Onetim\" loading=\"lazy\" data-id=\"2477\" \/><\/a><\/div>\t\t\t\r\n\t\t\t<div class=\"themetechmount-box-bottom-content\">\t\t\r\n\t\t\t\t<div class=\"themetechmount-box-category\"><a href=\"https:\/\/onetim.fr\/index.php\/portfolio-category\/conseil-accompagnement\/\" rel=\"tag\">Conseil &amp; Accompagnement<\/a>, <a href=\"https:\/\/onetim.fr\/index.php\/portfolio-category\/messagerie-professionnelle\/\" rel=\"tag\">Messagerie professionnelle<\/a>, <a href=\"https:\/\/onetim.fr\/index.php\/portfolio-category\/reseaux-securite\/\" rel=\"tag\">R\u00e9seaux &amp; S\u00e9curit\u00e9<\/a>, <a href=\"https:\/\/onetim.fr\/index.php\/portfolio-category\/telephonie-externalisee\/\" rel=\"tag\">T\u00e9l\u00e9phonie Externalis\u00e9e<\/a><\/div>\r\n\t\t\t\t<div class=\"themetechmount-box-title\"><h4><a href=\"https:\/\/onetim.fr\/index.php\/portfolio\/externalisation-du-systeme-dinformatique-la-jardinerie-g-themar\/\">Externalisation du syst\u00e8me d&#8217;informatique (La Jardinerie G.Themar)<\/a><\/h4><\/div>\t\t\r\n\t\t    <\/div>\r\n\t\t<\/div>\t\t\r\n\t<\/div>\r\n<\/article><\/div><div class=\"tm-box-col-wrapper col-lg-4 col-sm-6 col-md-4 col-xs-12 site-vitrine\"><article class=\"themetechmount-box themetechmount-box-portfolio themetechmount-box-view-style-one themetechmount-portfolio-box-view-style-one\">\r\n\t<div class=\"themetechmount-post-item\">\t\r\n\t\t<div class=\"themetechmount-post-item-inner\">\r\n\t\t\t<div class=\"tm-featured-wrapper tm-tm_portfolio-featured-wrapper\"><a href=\"https:\/\/onetim.fr\/index.php\/portfolio\/sfa-91-association\/\"><img width=\"654\" height=\"490\" src=\"https:\/\/onetim.fr\/wp-content\/uploads\/2022\/01\/smartmockups_SFA91-654x490.jpg\" class=\"attachment-themetechmount-img-blog-top size-themetechmount-img-blog-top wp-post-image\" alt=\"SFA creation site internet Onetim\" loading=\"lazy\" data-id=\"2146\" \/><\/a><\/div>\t\t\t\r\n\t\t\t<div class=\"themetechmount-box-bottom-content\">\t\t\r\n\t\t\t\t<div class=\"themetechmount-box-category\"><a href=\"https:\/\/onetim.fr\/index.php\/portfolio-category\/site-vitrine\/\" rel=\"tag\">Site vitrine<\/a><\/div>\r\n\t\t\t\t<div class=\"themetechmount-box-title\"><h4><a href=\"https:\/\/onetim.fr\/index.php\/portfolio\/sfa-91-association\/\">SFA 91 (Association)<\/a><\/h4><\/div>\t\t\r\n\t\t    <\/div>\r\n\t\t<\/div>\t\t\r\n\t<\/div>\r\n<\/article><\/div><div class=\"tm-box-col-wrapper col-lg-4 col-sm-6 col-md-4 col-xs-12 site-vitrine\"><article class=\"themetechmount-box themetechmount-box-portfolio themetechmount-box-view-style-one themetechmount-portfolio-box-view-style-one\">\r\n\t<div class=\"themetechmount-post-item\">\t\r\n\t\t<div class=\"themetechmount-post-item-inner\">\r\n\t\t\t<div class=\"tm-featured-wrapper tm-tm_portfolio-featured-wrapper\"><a href=\"https:\/\/onetim.fr\/index.php\/portfolio\/royer-jardin-paysagiste\/\"><img width=\"654\" height=\"490\" src=\"https:\/\/onetim.fr\/wp-content\/uploads\/2022\/01\/smartmockups_ROYER-JARDIN-654x490.jpg\" class=\"attachment-themetechmount-img-blog-top size-themetechmount-img-blog-top wp-post-image\" alt=\"Royer Jardin cr\u00e9ation site internet Onetim\" loading=\"lazy\" data-id=\"2145\" \/><\/a><\/div>\t\t\t\r\n\t\t\t<div class=\"themetechmount-box-bottom-content\">\t\t\r\n\t\t\t\t<div class=\"themetechmount-box-category\"><a href=\"https:\/\/onetim.fr\/index.php\/portfolio-category\/site-vitrine\/\" rel=\"tag\">Site vitrine<\/a><\/div>\r\n\t\t\t\t<div class=\"themetechmount-box-title\"><h4><a href=\"https:\/\/onetim.fr\/index.php\/portfolio\/royer-jardin-paysagiste\/\">ROYER JARDIN (Paysagiste)<\/a><\/h4><\/div>\t\t\r\n\t\t    <\/div>\r\n\t\t<\/div>\t\t\r\n\t<\/div>\r\n<\/article><\/div><div class=\"tm-box-col-wrapper col-lg-4 col-sm-6 col-md-4 col-xs-12 site-e-commerce\"><article class=\"themetechmount-box themetechmount-box-portfolio themetechmount-box-view-style-one themetechmount-portfolio-box-view-style-one\">\r\n\t<div class=\"themetechmount-post-item\">\t\r\n\t\t<div class=\"themetechmount-post-item-inner\">\r\n\t\t\t<div class=\"tm-featured-wrapper tm-tm_portfolio-featured-wrapper\"><a href=\"https:\/\/onetim.fr\/index.php\/portfolio\/jr-viandes-boucherie\/\"><img width=\"654\" height=\"490\" src=\"https:\/\/onetim.fr\/wp-content\/uploads\/2021\/05\/smartmockups_kpmr1512-654x490.jpg\" class=\"attachment-themetechmount-img-blog-top size-themetechmount-img-blog-top wp-post-image\" alt=\"\" loading=\"lazy\" data-id=\"2072\" \/><\/a><\/div>\t\t\t\r\n\t\t\t<div class=\"themetechmount-box-bottom-content\">\t\t\r\n\t\t\t\t<div class=\"themetechmount-box-category\"><a href=\"https:\/\/onetim.fr\/index.php\/portfolio-category\/site-e-commerce\/\" rel=\"tag\">Site e-commerce<\/a><\/div>\r\n\t\t\t\t<div class=\"themetechmount-box-title\"><h4><a href=\"https:\/\/onetim.fr\/index.php\/portfolio\/jr-viandes-boucherie\/\">JR Viandes (boucherie)<\/a><\/h4><\/div>\t\t\r\n\t\t    <\/div>\r\n\t\t<\/div>\t\t\r\n\t<\/div>\r\n<\/article><\/div><div class=\"tm-box-col-wrapper col-lg-4 col-sm-6 col-md-4 col-xs-12 conseil-accompagnement reseaux-securite\"><article class=\"themetechmount-box themetechmount-box-portfolio themetechmount-box-view-style-one themetechmount-portfolio-box-view-style-one\">\r\n\t<div class=\"themetechmount-post-item\">\t\r\n\t\t<div class=\"themetechmount-post-item-inner\">\r\n\t\t\t<div class=\"tm-featured-wrapper tm-tm_portfolio-featured-wrapper\"><a href=\"https:\/\/onetim.fr\/index.php\/portfolio\/externalisation-du-systeme-informatique-sachinka\/\"><img width=\"654\" height=\"490\" src=\"https:\/\/onetim.fr\/wp-content\/uploads\/2020\/04\/smartmockups_sachinka-654x490.jpg\" class=\"attachment-themetechmount-img-blog-top size-themetechmount-img-blog-top wp-post-image\" alt=\"SACHINKA projet Onetim\" loading=\"lazy\" data-id=\"2470\" \/><\/a><\/div>\t\t\t\r\n\t\t\t<div class=\"themetechmount-box-bottom-content\">\t\t\r\n\t\t\t\t<div class=\"themetechmount-box-category\"><a href=\"https:\/\/onetim.fr\/index.php\/portfolio-category\/conseil-accompagnement\/\" rel=\"tag\">Conseil &amp; Accompagnement<\/a>, <a href=\"https:\/\/onetim.fr\/index.php\/portfolio-category\/reseaux-securite\/\" rel=\"tag\">R\u00e9seaux &amp; S\u00e9curit\u00e9<\/a><\/div>\r\n\t\t\t\t<div class=\"themetechmount-box-title\"><h4><a href=\"https:\/\/onetim.fr\/index.php\/portfolio\/externalisation-du-systeme-informatique-sachinka\/\">Externalisation du syst\u00e8me informatique (SACHINKA)<\/a><\/h4><\/div>\t\t\r\n\t\t    <\/div>\r\n\t\t<\/div>\t\t\r\n\t<\/div>\r\n<\/article><\/div><div class=\"tm-box-col-wrapper col-lg-4 col-sm-6 col-md-4 col-xs-12 conseil-accompagnement reseaux-securite telephonie-externalisee\"><article class=\"themetechmount-box themetechmount-box-portfolio themetechmount-box-view-style-one themetechmount-portfolio-box-view-style-one\">\r\n\t<div class=\"themetechmount-post-item\">\t\r\n\t\t<div class=\"themetechmount-post-item-inner\">\r\n\t\t\t<div class=\"tm-featured-wrapper tm-tm_portfolio-featured-wrapper\"><a href=\"https:\/\/onetim.fr\/index.php\/portfolio\/externalisation-du-systeme-informatique-alis-du-musee-orsay\/\"><img width=\"654\" height=\"490\" src=\"https:\/\/onetim.fr\/wp-content\/uploads\/2022\/01\/smartmockups_SAMO-654x490.jpg\" class=\"attachment-themetechmount-img-blog-top size-themetechmount-img-blog-top wp-post-image\" alt=\"SAMO projet Onetim\" loading=\"lazy\" data-id=\"2475\" \/><\/a><\/div>\t\t\t\r\n\t\t\t<div class=\"themetechmount-box-bottom-content\">\t\t\r\n\t\t\t\t<div class=\"themetechmount-box-category\"><a href=\"https:\/\/onetim.fr\/index.php\/portfolio-category\/conseil-accompagnement\/\" rel=\"tag\">Conseil &amp; Accompagnement<\/a>, <a href=\"https:\/\/onetim.fr\/index.php\/portfolio-category\/reseaux-securite\/\" rel=\"tag\">R\u00e9seaux &amp; S\u00e9curit\u00e9<\/a>, <a href=\"https:\/\/onetim.fr\/index.php\/portfolio-category\/telephonie-externalisee\/\" rel=\"tag\">T\u00e9l\u00e9phonie Externalis\u00e9e<\/a><\/div>\r\n\t\t\t\t<div class=\"themetechmount-box-title\"><h4><a href=\"https:\/\/onetim.fr\/index.php\/portfolio\/externalisation-du-systeme-informatique-alis-du-musee-orsay\/\">Externalisation du syst\u00e8me informatique (Amis du Mus\u00e9e d&#8217;Orsay)<\/a><\/h4><\/div>\t\t\r\n\t\t    <\/div>\r\n\t\t<\/div>\t\t\r\n\t<\/div>\r\n<\/article><\/div><div class=\"tm-box-col-wrapper col-lg-4 col-sm-6 col-md-4 col-xs-12 site-vitrine\"><article class=\"themetechmount-box themetechmount-box-portfolio themetechmount-box-view-style-one themetechmount-portfolio-box-view-style-one\">\r\n\t<div class=\"themetechmount-post-item\">\t\r\n\t\t<div class=\"themetechmount-post-item-inner\">\r\n\t\t\t<div class=\"tm-featured-wrapper tm-tm_portfolio-featured-wrapper\"><a href=\"https:\/\/onetim.fr\/index.php\/portfolio\/jma-consulting-prestataire-informatique\/\"><img width=\"654\" height=\"490\" src=\"https:\/\/onetim.fr\/wp-content\/uploads\/2022\/01\/smartmockups_JMA-Consulting-654x490.jpg\" class=\"attachment-themetechmount-img-blog-top size-themetechmount-img-blog-top wp-post-image\" alt=\"JMA Consulting creation site internet Onetim\" loading=\"lazy\" data-id=\"2262\" \/><\/a><\/div>\t\t\t\r\n\t\t\t<div class=\"themetechmount-box-bottom-content\">\t\t\r\n\t\t\t\t<div class=\"themetechmount-box-category\"><a href=\"https:\/\/onetim.fr\/index.php\/portfolio-category\/site-vitrine\/\" rel=\"tag\">Site vitrine<\/a><\/div>\r\n\t\t\t\t<div class=\"themetechmount-box-title\"><h4><a href=\"https:\/\/onetim.fr\/index.php\/portfolio\/jma-consulting-prestataire-informatique\/\">JMA Consulting (Prestataire informatique)<\/a><\/h4><\/div>\t\t\r\n\t\t    <\/div>\r\n\t\t<\/div>\t\t\r\n\t<\/div>\r\n<\/article><\/div><div class=\"tm-box-col-wrapper col-lg-4 col-sm-6 col-md-4 col-xs-12 conseil-accompagnement messagerie-professionnelle reseaux-securite sauvegarde-externalisee telephonie\"><article class=\"themetechmount-box themetechmount-box-portfolio themetechmount-box-view-style-one themetechmount-portfolio-box-view-style-one\">\r\n\t<div class=\"themetechmount-post-item\">\t\r\n\t\t<div class=\"themetechmount-post-item-inner\">\r\n\t\t\t<div class=\"tm-featured-wrapper tm-tm_portfolio-featured-wrapper\"><a href=\"https:\/\/onetim.fr\/index.php\/portfolio\/refonte-du-systeme-informatique-cabinet-foussier-et-associe\/\"><img width=\"654\" height=\"490\" src=\"https:\/\/onetim.fr\/wp-content\/uploads\/2022\/01\/smartmockups_cfa-654x490.jpg\" class=\"attachment-themetechmount-img-blog-top size-themetechmount-img-blog-top wp-post-image\" alt=\"CFA projet Onetim\" loading=\"lazy\" data-id=\"2476\" \/><\/a><\/div>\t\t\t\r\n\t\t\t<div class=\"themetechmount-box-bottom-content\">\t\t\r\n\t\t\t\t<div class=\"themetechmount-box-category\"><a href=\"https:\/\/onetim.fr\/index.php\/portfolio-category\/conseil-accompagnement\/\" rel=\"tag\">Conseil &amp; Accompagnement<\/a>, <a href=\"https:\/\/onetim.fr\/index.php\/portfolio-category\/messagerie-professionnelle\/\" rel=\"tag\">Messagerie professionnelle<\/a>, <a href=\"https:\/\/onetim.fr\/index.php\/portfolio-category\/reseaux-securite\/\" rel=\"tag\">R\u00e9seaux &amp; S\u00e9curit\u00e9<\/a>, <a href=\"https:\/\/onetim.fr\/index.php\/portfolio-category\/sauvegarde-externalisee\/\" rel=\"tag\">Sauvegarde Externalis\u00e9e<\/a>, <a href=\"https:\/\/onetim.fr\/index.php\/portfolio-category\/telephonie\/\" rel=\"tag\">T\u00e9l\u00e9phonie<\/a><\/div>\r\n\t\t\t\t<div class=\"themetechmount-box-title\"><h4><a href=\"https:\/\/onetim.fr\/index.php\/portfolio\/refonte-du-systeme-informatique-cabinet-foussier-et-associe\/\">Refonte du syst\u00e8me informatique (Cabinet Foussier et Associ\u00e9)<\/a><\/h4><\/div>\t\t\r\n\t\t    <\/div>\r\n\t\t<\/div>\t\t\r\n\t<\/div>\r\n<\/article><\/div>\n\t\t\t<\/div>\n\t\t<\/div><!-- .themetechmount-boxes-inner -->   <\/div><!-- .themetechmount-boxes -->  [\/vc_column][\/vc_row]<\/p>\n","protected":false},"excerpt":{"rendered":"<p>[vc_row tm_bgimagefixed=&#8221;&#8221; full_width=&#8221;stretch_row&#8221; css=&#8221;.vc_custom_1571467707275{padding-top: 63px !important;padding-bottom: 79px !important;}&#8221;][vc_column][\/vc_column][\/vc_row]<\/p>\n","protected":false},"author":1,"featured_media":0,"parent":0,"menu_order":17,"comment_status":"closed","ping_status":"closed","template":"","meta":[],"_links":{"self":[{"href":"https:\/\/onetim.fr\/index.php\/wp-json\/wp\/v2\/pages\/1151"}],"collection":[{"href":"https:\/\/onetim.fr\/index.php\/wp-json\/wp\/v2\/pages"}],"about":[{"href":"https:\/\/onetim.fr\/index.php\/wp-json\/wp\/v2\/types\/page"}],"author":[{"embeddable":true,"href":"https:\/\/onetim.fr\/index.php\/wp-json\/wp\/v2\/users\/1"}],"replies":[{"embeddable":true,"href":"https:\/\/onetim.fr\/index.php\/wp-json\/wp\/v2\/comments?post=1151"}],"version-history":[{"count":6,"href":"https:\/\/onetim.fr\/index.php\/wp-json\/wp\/v2\/pages\/1151\/revisions"}],"predecessor-version":[{"id":2770,"href":"https:\/\/onetim.fr\/index.php\/wp-json\/wp\/v2\/pages\/1151\/revisions\/2770"}],"wp:attachment":[{"href":"https:\/\/onetim.fr\/index.php\/wp-json\/wp\/v2\/media?parent=1151"}],"curies":[{"name":"wp","href":"https:\/\/api.w.org\/{rel}","templated":true}]}}