{"id":2158,"date":"2022-01-06T16:10:12","date_gmt":"2022-01-06T15:10:12","guid":{"rendered":"https:\/\/onetim.fr\/?page_id=2158"},"modified":"2022-03-13T21:57:02","modified_gmt":"2022-03-13T20:57:02","slug":"recrutements","status":"publish","type":"page","link":"https:\/\/onetim.fr\/index.php\/recrutements\/","title":{"rendered":"Recrutements"},"content":{"rendered":"<p>[vc_row][vc_column]<h2 style=\"text-align:left;\" class=\"tm-custom-heading \" >Rejoignez-nous<\/h2>\n[vc_separator]<h4 style=\"text-align:left;\" class=\"tm-custom-heading \" >Postulez en ligne<\/h4>\n[vc_column_text]<\/p>\r\n<p>Nous sommes toujours \u00e0 la recherche des meilleurs profils pour renforcer notre \u00e9quipe.<\/p>\r\n<p>Faites directement votre candidature en ligne avec <strong>votre CV et lettre de motivation<\/strong>\u00a0en s\u00e9lectionnant le poste concern\u00e9.<\/p>\r\n<p>[\/vc_column_text][vc_separator][vc_column_text]<div class=\"job-postings-shortcode-search\"><div class=\"jobs-search\"><form method=\"GET\" action=\"https:\/\/onetim.fr\/index.php\/recrutements\/\"><input type=\"hidden\" value=\"\" name=\"job-category\"><input class=\"job-search\" type=\"text\" placeholder=\"Vacancy Search\" value=\"\" name=\"job-search\"><button class=\"job-search-submit\"><svg width=\"0px\" height=\"0px\" version=\"1.1\" xmlns=\"http:\/\/www.w3.org\/2000\/svg\" xmlns:xlink=\"http:\/\/www.w3.org\/1999\/xlink\" x=\"0px\" y=\"0px\"\r\n\t viewBox=\"0 0 56.966 56.966\" xml:space=\"preserve\">\r\n<path d=\"M55.146,51.887L41.588,37.786c3.486-4.144,5.396-9.358,5.396-14.786c0-12.682-10.318-23-23-23s-23,10.318-23,23\r\n\ts10.318,23,23,23c4.761,0,9.298-1.436,13.177-4.162l13.661,14.208c0.571,0.593,1.339,0.92,2.162,0.92\r\n\tc0.779,0,1.518-0.297,2.079-0.837C56.255,54.982,56.293,53.08,55.146,51.887z M23.984,6c9.374,0,17,7.626,17,17s-7.626,17-17,17\r\n\ts-17-7.626-17-17S14.61,6,23.984,6z\"\/>\r\n\r\n<\/svg>\r\n<\/button><\/form><\/div><\/div>\r\n<div class=\"job-listing-categories align-left\"><a href=\"https:\/\/onetim.fr\/index.php\/recrutements\/?job-category=all\" class=\"job-category job-category-all \">All<\/a><a href=\"https:\/\/onetim.fr\/index.php\/recrutements\/?job-category=communication\" class=\"job-category job-category-communication  \">Communication <span class=\"category\">(1)<\/span><\/a><a href=\"https:\/\/onetim.fr\/index.php\/recrutements\/?job-category=developpement\" class=\"job-category job-category-developpement  \">Developpement <span class=\"category\">(1)<\/span><\/a><a href=\"https:\/\/onetim.fr\/index.php\/recrutements\/?job-category=informatique\" class=\"job-category job-category-informatique  \">Informatique <span class=\"category\">(2)<\/span><\/a><\/div>\r\n<div class=\"job-listing row clearfix\"><div class=\"column medium-12 col-md-12\"><div class=\"job-preview clearfix\" ><div class=\"job-content\"><h5><a href=\"https:\/\/onetim.fr\/index.php\/job\/2168-2-2\/\" target=\"_self\"><span>Chef de projet H\/F<\/span><\/a><\/h5><div class=\"job-additional-information\"><span>Montlh\u00e9ry (91)<\/span><span class=\"job-preview-details-separator\">, <span><span>Full-time<\/span><\/div><\/div><div class=\"job-cta\"><a href=\"https:\/\/onetim.fr\/index.php\/job\/2168-2-2\/\" target=\"_self\" class=\"apply-btn local\">View<\/a><\/div><\/div><div class=\"job-preview clearfix\" ><div class=\"job-content\"><h5><a href=\"https:\/\/onetim.fr\/index.php\/job\/2168-2\/\" target=\"_self\"><span>Technicien Informatique Itin\u00e9rant H\/F<\/span><\/a><\/h5><div class=\"job-additional-information\"><span>Montlh\u00e9ry (91)<\/span><span class=\"job-preview-details-separator\">, <span><span>Full-time<\/span><\/div><\/div><div class=\"job-cta\"><a href=\"https:\/\/onetim.fr\/index.php\/job\/2168-2\/\" target=\"_self\" class=\"apply-btn local\">View<\/a><\/div><\/div><div class=\"job-preview clearfix\" ><div class=\"job-content\"><h5><a href=\"https:\/\/onetim.fr\/index.php\/job\/2168\/\" target=\"_self\"><span>D\u00e9veloppeur WordPress en stage H\/F<\/span><\/a><\/h5><div class=\"job-additional-information\"><span>Montlh\u00e9ry (91)<\/span><span class=\"job-preview-details-separator\">, <span><span>Intern<\/span><\/div><\/div><div class=\"job-cta\"><a href=\"https:\/\/onetim.fr\/index.php\/job\/2168\/\" target=\"_self\" class=\"apply-btn local\">View<\/a><\/div><\/div><div class=\"job-preview clearfix\" ><div class=\"job-content\"><h5><a href=\"https:\/\/onetim.fr\/index.php\/job\/chargee-de-communication-en-stage-h-f\/\" target=\"_self\"><span>Charg\u00e9(e) de communication en stage H\/F<\/span><\/a><\/h5><div class=\"job-additional-information\"><span>Montlh\u00e9ry (91)<\/span><span class=\"job-preview-details-separator\">, <span><span>Intern<\/span><\/div><\/div><div class=\"job-cta\"><a href=\"https:\/\/onetim.fr\/index.php\/job\/chargee-de-communication-en-stage-h-f\/\" target=\"_self\" class=\"apply-btn local\">View<\/a><\/div><\/div><\/div><\/div>\n[\/vc_column_text][vc_separator]<h4 style=\"text-align:left;\" class=\"tm-custom-heading \" >Candidature spontan\u00e9e<\/h4>\n[vc_column_text]<\/p>\r\n<p>N&#8217;h\u00e9sitez pas \u00e0 d\u00e9poser une candidature spontan\u00e9e en ligne.<\/p>\r\n<p>[\/vc_column_text]<div role=\"form\" class=\"wpcf7\" id=\"wpcf7-f2242-o1\" lang=\"fr-FR\" dir=\"ltr\">\n<div class=\"screen-reader-response\"><p role=\"status\" aria-live=\"polite\" aria-atomic=\"true\"><\/p> <ul><\/ul><\/div>\n<form action=\"\/index.php\/wp-json\/wp\/v2\/pages\/2158#wpcf7-f2242-o1\" method=\"post\" class=\"wpcf7-form init\" enctype=\"multipart\/form-data\" novalidate=\"novalidate\" data-status=\"init\">\n<div style=\"display: none;\">\n<input type=\"hidden\" name=\"_wpcf7\" value=\"2242\" \/>\n<input type=\"hidden\" name=\"_wpcf7_version\" value=\"5.6\" \/>\n<input type=\"hidden\" name=\"_wpcf7_locale\" value=\"fr_FR\" \/>\n<input type=\"hidden\" name=\"_wpcf7_unit_tag\" value=\"wpcf7-f2242-o1\" \/>\n<input type=\"hidden\" name=\"_wpcf7_container_post\" value=\"0\" \/>\n<input type=\"hidden\" name=\"_wpcf7_posted_data_hash\" value=\"\" \/>\n<input type=\"hidden\" name=\"_wpcf7_recaptcha_response\" value=\"\" \/>\n<\/div>\n<div class=\"row\">\n<div class=\"col-md-6\"><span class=\"wpcf7-form-control-wrap\" data-name=\"name-tag\"><input type=\"text\" name=\"name-tag\" value=\"\" size=\"40\" class=\"wpcf7-form-control wpcf7-text wpcf7-validates-as-required\" aria-required=\"true\" aria-invalid=\"false\" placeholder=\"Nom*\" \/><\/span><\/div>\n<div class=\"col-md-6\"><span class=\"wpcf7-form-control-wrap\" data-name=\"firstname-tag\"><input type=\"text\" name=\"firstname-tag\" value=\"\" size=\"40\" class=\"wpcf7-form-control wpcf7-text wpcf7-validates-as-required\" aria-required=\"true\" aria-invalid=\"false\" placeholder=\"Pr\u00e9nom*\" \/><\/span><\/div>\n<\/div>\n<div class=\"row\">\n<div class=\"col-md-6\"><span class=\"wpcf7-form-control-wrap\" data-name=\"email-tag\"><input type=\"email\" name=\"email-tag\" value=\"\" size=\"40\" class=\"wpcf7-form-control wpcf7-text wpcf7-email wpcf7-validates-as-required wpcf7-validates-as-email\" aria-required=\"true\" aria-invalid=\"false\" placeholder=\"Email*\" \/><\/span><\/div>\n<div class=\"col-md-6\"><span class=\"wpcf7-form-control-wrap\" data-name=\"phone-tag\"><input type=\"text\" name=\"phone-tag\" value=\"\" size=\"40\" class=\"wpcf7-form-control wpcf7-text wpcf7-validates-as-required\" aria-required=\"true\" aria-invalid=\"false\" placeholder=\"T\u00e9l\u00e9phone*\" \/><\/span><\/div>\n<\/div>\n<div class=\"row\">\n<div class=\"col-md-6\">Votre CV* (4Mb maximum) <span class=\"wpcf7-form-control-wrap\" data-name=\"file-cv\"><input type=\"file\" name=\"file-cv\" size=\"40\" class=\"wpcf7-form-control wpcf7-file wpcf7-validates-as-required\" accept=\".pdf,.doc,.docx\" aria-required=\"true\" aria-invalid=\"false\" \/><\/span><\/div>\n<div class=\"col-md-6\">Votre Lettre de motivation (4Mb maximum) <span class=\"wpcf7-form-control-wrap\" data-name=\"file-lm\"><input type=\"file\" name=\"file-lm\" size=\"40\" class=\"wpcf7-form-control wpcf7-file wpcf7-validates-as-required\" accept=\".pdf,.doc,.docx\" aria-required=\"true\" aria-invalid=\"false\" \/><\/span><\/div>\n<\/div>\n<div class=\"row\">\n<div class=\"col-md-4\"><u>Type de contrats* :<\/u><\/div>\n<div class=\"col-md-8\"><span class=\"wpcf7-form-control-wrap\" data-name=\"menu-contrat\"><select name=\"menu-contrat\" class=\"wpcf7-form-control wpcf7-select wpcf7-validates-as-required\" aria-required=\"true\" aria-invalid=\"false\"><option value=\"CDI\">CDI<\/option><option value=\"CDD\">CDD<\/option><option value=\"Alternance\">Alternance<\/option><option value=\"Stage\">Stage<\/option><\/select><\/span><\/div>\n<\/div>\n<div class=\"row\">\n<div class=\"col-md-12\"><span class=\"wpcf7-form-control-wrap\" data-name=\"your-message\"><textarea name=\"your-message\" cols=\"40\" rows=\"2\" class=\"wpcf7-form-control wpcf7-textarea\" aria-invalid=\"false\" placeholder=\"Message\"><\/textarea><\/span><\/div>\n<\/div>\n<div class=\"tm-team-frm-btn\">\n     <input type=\"submit\" value=\"Envoyer ma candidature\" class=\"wpcf7-form-control has-spinner wpcf7-submit tm-vc_general tm-vc_btn3 tm-vc_btn3-style-flat tm-vc_btn3- tm-vc_btn3-color-skincolor\" \/><\/p>\n<div class=\"wpcf7-response-output\" aria-hidden=\"true\"><\/div>\n<\/div>\n<\/div>\n<p style=\"display: none !important;\"><label>&#916;<textarea name=\"_wpcf7_ak_hp_textarea\" cols=\"45\" rows=\"8\" maxlength=\"100\"><\/textarea><\/label><input type=\"hidden\" id=\"ak_js_1\" name=\"_wpcf7_ak_js\" value=\"118\"\/><script>document.getElementById( \"ak_js_1\" ).setAttribute( \"value\", ( new Date() ).getTime() );<\/script><\/p><input type='hidden' class='wpcf7-pum' value='{\"closepopup\":false,\"closedelay\":0,\"openpopup\":false,\"openpopup_id\":0}' \/><\/form><\/div>[\/vc_column][\/vc_row]<\/p>","protected":false},"excerpt":{"rendered":"<p>[vc_row][vc_column][vc_separator][vc_column_text] Nous sommes toujours \u00e0 la recherche des meilleurs profils pour renforcer notre \u00e9quipe. Faites directement votre candidature en ligne avec votre CV et lettre de motivation\u00a0en s\u00e9lectionnant le poste concern\u00e9. [\/vc_column_text][vc_separator][vc_column_text] [\/vc_column_text][vc_separator][vc_column_text] N&#8217;h\u00e9sitez pas \u00e0 d\u00e9poser une candidature spontan\u00e9e en ligne. [\/vc_column_text][\/vc_column][\/vc_row]<\/p>\n","protected":false},"author":2,"featured_media":0,"parent":0,"menu_order":0,"comment_status":"closed","ping_status":"closed","template":"","meta":[],"_links":{"self":[{"href":"https:\/\/onetim.fr\/index.php\/wp-json\/wp\/v2\/pages\/2158"}],"collection":[{"href":"https:\/\/onetim.fr\/index.php\/wp-json\/wp\/v2\/pages"}],"about":[{"href":"https:\/\/onetim.fr\/index.php\/wp-json\/wp\/v2\/types\/page"}],"author":[{"embeddable":true,"href":"https:\/\/onetim.fr\/index.php\/wp-json\/wp\/v2\/users\/2"}],"replies":[{"embeddable":true,"href":"https:\/\/onetim.fr\/index.php\/wp-json\/wp\/v2\/comments?post=2158"}],"version-history":[{"count":10,"href":"https:\/\/onetim.fr\/index.php\/wp-json\/wp\/v2\/pages\/2158\/revisions"}],"predecessor-version":[{"id":2773,"href":"https:\/\/onetim.fr\/index.php\/wp-json\/wp\/v2\/pages\/2158\/revisions\/2773"}],"wp:attachment":[{"href":"https:\/\/onetim.fr\/index.php\/wp-json\/wp\/v2\/media?parent=2158"}],"curies":[{"name":"wp","href":"https:\/\/api.w.org\/{rel}","templated":true}]}}