{"id":2297,"date":"2022-01-17T21:42:49","date_gmt":"2022-01-17T20:42:49","guid":{"rendered":"https:\/\/onetim.fr\/?page_id=2297"},"modified":"2022-03-13T21:04:29","modified_gmt":"2022-03-13T20:04:29","slug":"telephonie-externalisee","status":"publish","type":"page","link":"https:\/\/onetim.fr\/index.php\/telephonie-externalisee\/","title":{"rendered":"T\u00e9l\u00e9phonie Externalis\u00e9e"},"content":{"rendered":"<p>[vc_row tm_bgimagefixed=&#8221;&#8221; break_in_responsive=&#8221;991&#8243; full_width=&#8221;stretch_row&#8221; css=&#8221;.vc_custom_1575006205871{padding-top: 97px !important;padding-bottom: 89px !important;}&#8221; tm_responsive_css=&#8221;96019637|colbreak_no|||||||||colbreak_no|||||60px||40px||colbreak_no||||||||||colbreak_no|||||||||&#8221;][vc_column width=&#8221;1\/2&#8243;][vc_separator]<div class=\"tm-element-heading-wrapper tm-heading-inner tm-element-align-left tm-seperator-solid tm-heading-style-vertical \"><section class=\"tm-vc_cta3-container\"><div class=\"tm-vc_general tm-vc_cta3 tm-cta3-only tm-vc_cta3-style-classic tm-vc_cta3-shape-rounded tm-vc_cta3-align-left tm-vc_cta3-color-transparent tm-vc_cta3-icon-size-md tm-vc_cta3-actions-no tm-cta3-with-desc\"><div class=\"tm-vc_cta3_content-container\"><div class=\"tm-vc_cta3-content\"><header class=\"tm-vc_cta3-content-header tm-wrap\"><div class=\"tm-vc_cta3-headers tm-wrap-cell\"><h4 class=\"tm-custom-heading \" >Cloud by Onetim<\/h4>\n<h2 class=\"tm-custom-heading \" >T\u00e9l\u00e9phonie externalis\u00e9e By <cite>Onetim<\/cite><\/h2>\n<\/div><\/header><div class=\"tm-cta3-content-wrapper\"><p>Onetim propose une <strong>solution cl\u00e9 en main<\/strong> de t\u00e9l\u00e9phonie professionnelle externalis\u00e9e dans <strong>notre datacenter redond\u00e9, situ\u00e9 en France<\/strong>.<\/p>\n<p><span style=\"text-decoration: underline;\">Pourquoi choisir une t\u00e9l\u00e9phonie professionnelle h\u00e9berg\u00e9e de Onetim ?<\/span><\/p><\/div><\/div><\/div><\/div><\/section><\/div> <!-- .tm-element-heading-wrapper container --> <ul class=\"tm-list tm-list-style-icon tm-list-icon-color-skincolor tm- tm-icon-skincolor tm-list-textsize- tm-list-icon-library-fontawesome\"><li><i class=\"tm-skincolor fa fa-caret-right\"><\/i>  <span class=\"tm-list-li-content\">Passez \u00e0 la t\u00e9l\u00e9phonie IP externalis\u00e9e (bient\u00f4t la fin de la t\u00e9l\u00e9phonie classique)<\/span><\/li><li><i class=\"tm-skincolor fa fa-caret-right\"><\/i>  <span class=\"tm-list-li-content\">Une <b>offre cl\u00e9 en main<\/b> : administration et maintenance comprises <\/span><\/li><li><i class=\"tm-skincolor fa fa-caret-right\"><\/i>  <span class=\"tm-list-li-content\">Acc\u00e9dez \u00e0 votre t\u00e9l\u00e9phonie collaborative de partout<\/span><\/li><li><i class=\"tm-skincolor fa fa-caret-right\"><\/i>  <span class=\"tm-list-li-content\"><b>R\u00e9duction des co\u00fbts<\/b> : les communications entre vos bureaux\/sites n\u2019entra\u00eeneront plus de frais additionnels...<\/span><\/li><li><i class=\"tm-skincolor fa fa-caret-right\"><\/i>  <span class=\"tm-list-li-content\">B\u00e9n\u00e9ficiez de nouveaux <b>services innovants<\/b> (musique d'attente personnalis\u00e9e, communications unifi\u00e9es, conf\u00e9rence...)<\/span><\/li><li><i class=\"tm-skincolor fa fa-caret-right\"><\/i>  <span class=\"tm-list-li-content\"><b>Installation\/migration simplifi\u00e9e<\/b> : aucune installation de mat\u00e9riel dans votre entreprise (hors t\u00e9l\u00e9phones)<\/span><\/li><li><i class=\"tm-skincolor fa fa-caret-right\"><\/i>  <span class=\"tm-list-li-content\">La t\u00e9l\u00e9phonie externalis\u00e9e by Onetim s\u2019adapte \u00e0 votre activit\u00e9 et s\u2019ajuste en fonction de vos besoins en temps r\u00e9el (nombre de collaborateurs, fonctionnalit\u00e9s, int\u00e9gration de nouveaux locaux...)<\/span><\/li><\/ul>[\/vc_column][vc_column reduce_extra_padding=&#8221;991&#8243; width=&#8221;1\/2&#8243; css=&#8221;.vc_custom_1575006490551{padding-top: 38px !important;padding-left: 30px !important;}&#8221;][vc_single_image image=&#8221;2301&#8243; img_size=&#8221;full&#8221; css=&#8221;.vc_custom_1642453449387{margin-bottom: 0px !important;}&#8221;][vc_empty_space][vc_column_text]La t\u00e9l\u00e9phonie externalis\u00e9e est une solution innovante de t\u00e9l\u00e9phonie sur IP (ou Voix sur IP) qui permet une r\u00e9elle int\u00e9gration informatique\/t\u00e9l\u00e9phonique. Elle am\u00e9liore vos services avec de nouvelles fonctionnalit\u00e9s : communications unifi\u00e9es softphone (smartphone, ordinateur&#8230;), messagerie vocale par email, convergence fixe-mobile, audio\/vid\u00e9o conf\u00e9rence&#8230;<\/p>\n<p>Le Cloud by Onetim, est une, <strong>plateforme h\u00e9berg\u00e9e<\/strong>, signifie que Onetim est le <strong>garant du bon fonctionnement<\/strong> de la plateforme Cloud, de sa <strong>maintenance<\/strong> et de son <strong>administration<\/strong>. Le client peut se contenter d&#8217;utiliser la plateforme, sans aucune <strong>contrainte de gestion<\/strong>.<\/p>\n<p>De plus cette plateforme Cloud appartient en propre \u00e0 Onetim. Il existe de multiples raisons pour externaliser votre <strong class=\"text_domaine\">t\u00e9l\u00e9phonie d&#8217;entreprise<\/strong>.<\/p>\n<p>Cela signifie que vous n&#8217;avez besoin d&#8217;<strong>aucune installation<\/strong> de mat\u00e9riel dans vos locaux (hors t\u00e9l\u00e9phones).[\/vc_column_text][\/vc_column][\/vc_row][vc_row tm_bgcolor=&#8221;grey&#8221; tm_bgimagefixed=&#8221;&#8221; full_width=&#8221;stretch_row&#8221; css=&#8221;.vc_custom_1575609559612{padding-bottom: 287px !important;background-image: url(http:\/\/onetim.fr\/wp-content\/uploads\/2019\/11\/row-bg-pat-one.png?id=1245) !important;background-position: center !important;background-repeat: no-repeat !important;background-size: cover !important;}&#8221; tm_responsive_css=&#8221;81638695|colbreak_no|||||||||colbreak_no|||||40px||||colbreak_no||||||||||colbreak_no|||||||||&#8221;][vc_column][vc_row_inner][vc_column_inner width=&#8221;2\/3&#8243;]<div class=\"tm-element-heading-wrapper tm-heading-inner tm-element-align-left tm-seperator-solid tm-heading-style-vertical \"><section class=\"tm-vc_cta3-container\"><div class=\"tm-vc_general tm-vc_cta3 tm-cta3-only tm-vc_cta3-style-classic tm-vc_cta3-shape-rounded tm-vc_cta3-align-left tm-vc_cta3-color-transparent tm-vc_cta3-icon-size-md tm-vc_cta3-actions-no tm-cta3-without-desc\"><div class=\"tm-vc_cta3_content-container\"><div class=\"tm-vc_cta3-content\"><header class=\"tm-vc_cta3-content-header tm-wrap\"><div class=\"tm-vc_cta3-headers tm-wrap-cell\"><h4 class=\"tm-custom-heading \" >T\u00e9l\u00e9phonie professionnelle externalis\u00e9e par Onetim<\/h4>\n<h2 class=\"tm-custom-heading \" >Notre offre<\/h2>\n<\/div><\/header><\/div><\/div><\/div><\/section><\/div> <!-- .tm-element-heading-wrapper container --> [\/vc_column_inner][vc_column_inner width=&#8221;1\/3&#8243; css=&#8221;.vc_custom_1575006405848{padding-top: 43px !important;}&#8221; tm_responsive_css=&#8221;85491790|colbreak_no|||||||||colbreak_no|||||0px||||colbreak_no||||||||||colbreak_no|||||||||&#8221;]\r\n\t\t<div class=\"tm-vc_btn3-container  popmake-2321 tm-vc_btn3-right\"><a class=\"tm-vc_general tm-vc_btn3 tm-vc_btn3-size-md tm-vc_btn3-shape-square tm-vc_btn3-style-outline tm-vc_btn3-weight-no tm-vc_btn3-color-black\" href=\"\" title=\"\">Devis en ligne<\/a><\/div>[\/vc_column_inner][\/vc_row_inner][vc_row_inner][vc_column_inner width=&#8221;1\/2&#8243;]<div class=\"tm-sbox tm-sbox-iconalign-left-spacing none tm-sbox-bgcolor-transparent tm-bgcolor-transparent tm-sbox-textcolor- tm-textcolor- tm-sbox-isize-sm tm-sbox-isize-sm tm-sbox-istyle-none \"><section class=\"tm-vc_cta3-container\"><div class=\"tm-vc_general tm-vc_cta3 tm-vc_cta3-align-left tm-vc_cta3-icon-size-sm tm-vc_cta3-icons-left tm-vc_cta3-actions-no\"><div class=\"tm-vc_cta3-icons tm-wrap-cell\"><div class=\"tm-vc_icon_element tm-vc_icon_element-outer tm-vc_icon_element-align-left \"><div class=\"tm-vc_icon_element-inner  tm-vc_icon_element-color-skincolor tm-vc_icon_element-size-sm tm-vc_icon_element-style-none tm-vc_icon_element-background-color-grey\" ><span class=\"tm-vc_icon_element-icon fa fa-eur\" ><\/span><\/div><\/div><\/div><div class=\"tm-vc_cta3_content-container\"><div class=\"tm-vc_cta3-content\"><div class=\"tm-vc_cta3-content-header tm-wrap\"><div class=\"tm-vc_cta3-headers tm-wrap-cell\"><\/div><\/div><\/div><div class=\"tm-cta3-desc-btn-wrapper\"><div class=\"tm-cta3-description\"><div class=\"tm-cta3-content-wrapper\"><p>Budget ma\u00eetris\u00e9 gr\u00e2ce \u00e0 une solution <strong>cl\u00e9 en main :<\/strong> une facturation mensuelle et transparente<\/p><\/div><\/div><\/div><\/div><\/div><\/section><\/div><div class=\"tm-sbox tm-sbox-iconalign-left-spacing none tm-sbox-bgcolor-transparent tm-bgcolor-transparent tm-sbox-textcolor- tm-textcolor- tm-sbox-isize-sm tm-sbox-isize-sm tm-sbox-istyle-none \"><section class=\"tm-vc_cta3-container\"><div class=\"tm-vc_general tm-vc_cta3 tm-vc_cta3-align-left tm-vc_cta3-icon-size-sm tm-vc_cta3-icons-left tm-vc_cta3-actions-no\"><div class=\"tm-vc_cta3-icons tm-wrap-cell\"><div class=\"tm-vc_icon_element tm-vc_icon_element-outer tm-vc_icon_element-align-left \"><div class=\"tm-vc_icon_element-inner  tm-vc_icon_element-color-skincolor tm-vc_icon_element-size-sm tm-vc_icon_element-style-none tm-vc_icon_element-background-color-grey\" ><span class=\"tm-vc_icon_element-icon kw_anomica flaticon-interaction\" ><\/span><\/div><\/div><\/div><div class=\"tm-vc_cta3_content-container\"><div class=\"tm-vc_cta3-content\"><div class=\"tm-vc_cta3-content-header tm-wrap\"><div class=\"tm-vc_cta3-headers tm-wrap-cell\"><\/div><\/div><\/div><div class=\"tm-cta3-desc-btn-wrapper\"><div class=\"tm-cta3-description\"><div class=\"tm-cta3-content-wrapper\"><p>Fonctionnalit\u00e9s <strong>avanc\u00e9es <\/strong>: <span class=\"tm-list-li-content\">musique d&#8217;attente personnalis\u00e9e, communications unifi\u00e9es, serveur vocal interactif, conf\u00e9rence<\/span>&#8230;<\/p><\/div><\/div><\/div><\/div><\/div><\/section><\/div><div class=\"tm-sbox tm-sbox-iconalign-left-spacing none tm-sbox-bgcolor-transparent tm-bgcolor-transparent tm-sbox-textcolor- tm-textcolor- tm-sbox-isize-sm tm-sbox-isize-sm tm-sbox-istyle-none \"><section class=\"tm-vc_cta3-container\"><div class=\"tm-vc_general tm-vc_cta3 tm-vc_cta3-align-left tm-vc_cta3-icon-size-sm tm-vc_cta3-icons-left tm-vc_cta3-actions-no\"><div class=\"tm-vc_cta3-icons tm-wrap-cell\"><div class=\"tm-vc_icon_element tm-vc_icon_element-outer tm-vc_icon_element-align-left \"><div class=\"tm-vc_icon_element-inner  tm-vc_icon_element-color-skincolor tm-vc_icon_element-size-sm tm-vc_icon_element-style-none tm-vc_icon_element-background-color-grey\" ><span class=\"tm-vc_icon_element-icon themifyicon ti-world\" ><\/span><\/div><\/div><\/div><div class=\"tm-vc_cta3_content-container\"><div class=\"tm-vc_cta3-content\"><div class=\"tm-vc_cta3-content-header tm-wrap\"><div class=\"tm-vc_cta3-headers tm-wrap-cell\"><\/div><\/div><\/div><div class=\"tm-cta3-desc-btn-wrapper\"><div class=\"tm-cta3-description\"><div class=\"tm-cta3-content-wrapper\"><p><strong>Accessibilit\u00e9 &amp; simplicit\u00e9<\/strong> : il suffit de brancher le t\u00e9l\u00e9phone ou le connect\u00e9e au wifi ou installer le softphone&#8230;<\/p><\/div><\/div><\/div><\/div><\/div><\/section><\/div><div class=\"tm-sbox tm-sbox-iconalign-left-spacing none tm-sbox-bgcolor-transparent tm-bgcolor-transparent tm-sbox-textcolor- tm-textcolor- tm-sbox-isize-sm tm-sbox-isize-sm tm-sbox-istyle-none \"><section class=\"tm-vc_cta3-container\"><div class=\"tm-vc_general tm-vc_cta3 tm-vc_cta3-align-left tm-vc_cta3-icon-size-sm tm-vc_cta3-icons-left tm-vc_cta3-actions-no\"><div class=\"tm-vc_cta3-icons tm-wrap-cell\"><div class=\"tm-vc_icon_element tm-vc_icon_element-outer tm-vc_icon_element-align-left \"><div class=\"tm-vc_icon_element-inner  tm-vc_icon_element-color-skincolor tm-vc_icon_element-size-sm tm-vc_icon_element-style-none tm-vc_icon_element-background-color-grey\" ><span class=\"tm-vc_icon_element-icon fa fa-area-chart\" ><\/span><\/div><\/div><\/div><div class=\"tm-vc_cta3_content-container\"><div class=\"tm-vc_cta3-content\"><div class=\"tm-vc_cta3-content-header tm-wrap\"><div class=\"tm-vc_cta3-headers tm-wrap-cell\"><\/div><\/div><\/div><div class=\"tm-cta3-desc-btn-wrapper\"><div class=\"tm-cta3-description\"><div class=\"tm-cta3-content-wrapper\"><p><strong>Flexibilit\u00e9<\/strong> : installer de nouveaux postes ou supprimer des postes se fait rapidement. La solution s&#8217;adapte \u00e0 vos besoins<\/p><\/div><\/div><\/div><\/div><\/div><\/section><\/div><div class=\"tm-sbox tm-sbox-iconalign-left-spacing none tm-sbox-bgcolor-transparent tm-bgcolor-transparent tm-sbox-textcolor- tm-textcolor- tm-sbox-isize-sm tm-sbox-isize-sm tm-sbox-istyle-none \"><section class=\"tm-vc_cta3-container\"><div class=\"tm-vc_general tm-vc_cta3 tm-vc_cta3-align-left tm-vc_cta3-icon-size-sm tm-vc_cta3-icons-left tm-vc_cta3-actions-no\"><div class=\"tm-vc_cta3-icons tm-wrap-cell\"><div class=\"tm-vc_icon_element tm-vc_icon_element-outer tm-vc_icon_element-align-left \"><div class=\"tm-vc_icon_element-inner  tm-vc_icon_element-color-skincolor tm-vc_icon_element-size-sm tm-vc_icon_element-style-none tm-vc_icon_element-background-color-grey\" ><span class=\"tm-vc_icon_element-icon kw_anomica flaticon-computer\" ><\/span><\/div><\/div><\/div><div class=\"tm-vc_cta3_content-container\"><div class=\"tm-vc_cta3-content\"><div class=\"tm-vc_cta3-content-header tm-wrap\"><div class=\"tm-vc_cta3-headers tm-wrap-cell\"><\/div><\/div><\/div><div class=\"tm-cta3-desc-btn-wrapper\"><div class=\"tm-cta3-description\"><div class=\"tm-cta3-content-wrapper\">\n<p class=\"ac-title\"><strong>Centralisation des services<\/strong> : avoir le m\u00eame r\u00e9seaux pour la donn\u00e9e et la t\u00e9l\u00e9phonie permet de r\u00e9duire le nombre de services \u00e0 g\u00e9rer.<\/p>\n<p><\/div><\/div><\/div><\/div><\/div><\/section><\/div>[\/vc_column_inner][vc_column_inner width=&#8221;1\/2&#8243;]<div class=\"tm-sbox tm-sbox-iconalign-left-spacing none tm-sbox-bgcolor-transparent tm-bgcolor-transparent tm-sbox-textcolor- tm-textcolor- tm-sbox-isize-sm tm-sbox-isize-sm tm-sbox-istyle-none \"><section class=\"tm-vc_cta3-container\"><div class=\"tm-vc_general tm-vc_cta3 tm-vc_cta3-align-left tm-vc_cta3-icon-size-sm tm-vc_cta3-icons-left tm-vc_cta3-actions-no\"><div class=\"tm-vc_cta3-icons tm-wrap-cell\"><div class=\"tm-vc_icon_element tm-vc_icon_element-outer tm-vc_icon_element-align-left \"><div class=\"tm-vc_icon_element-inner  tm-vc_icon_element-color-skincolor tm-vc_icon_element-size-sm tm-vc_icon_element-style-none tm-vc_icon_element-background-color-grey\" ><span class=\"tm-vc_icon_element-icon kw_anomica flaticon-call\" ><\/span><\/div><\/div><\/div><div class=\"tm-vc_cta3_content-container\"><div class=\"tm-vc_cta3-content\"><div class=\"tm-vc_cta3-content-header tm-wrap\"><div class=\"tm-vc_cta3-headers tm-wrap-cell\"><\/div><\/div><\/div><div class=\"tm-cta3-desc-btn-wrapper\"><div class=\"tm-cta3-description\"><div class=\"tm-cta3-content-wrapper\"><p>Diff\u00e9rents t\u00e9l\u00e9phones sur IP disponible selon vos besoins : t\u00e9l\u00e9phone classique, softphone, t\u00e9l\u00e9phone avec vid\u00e9o, p<span class=\"base\" data-ui-id=\"page-title-wrapper\">ieuvres (conf\u00e9rence)<\/span>&#8230;<strong><br \/>\n<\/strong><\/p><\/div><\/div><\/div><\/div><\/div><\/section><\/div><div class=\"tm-sbox tm-sbox-iconalign-left-spacing none tm-sbox-bgcolor-transparent tm-bgcolor-transparent tm-sbox-textcolor- tm-textcolor- tm-sbox-isize-sm tm-sbox-isize-sm tm-sbox-istyle-none \"><section class=\"tm-vc_cta3-container\"><div class=\"tm-vc_general tm-vc_cta3 tm-vc_cta3-align-left tm-vc_cta3-icon-size-sm tm-vc_cta3-icons-left tm-vc_cta3-actions-no\"><div class=\"tm-vc_cta3-icons tm-wrap-cell\"><div class=\"tm-vc_icon_element tm-vc_icon_element-outer tm-vc_icon_element-align-left \"><div class=\"tm-vc_icon_element-inner  tm-vc_icon_element-color-skincolor tm-vc_icon_element-size-sm tm-vc_icon_element-style-none tm-vc_icon_element-background-color-grey\" ><span class=\"tm-vc_icon_element-icon fa fa-suitcase\" ><\/span><\/div><\/div><\/div><div class=\"tm-vc_cta3_content-container\"><div class=\"tm-vc_cta3-content\"><div class=\"tm-vc_cta3-content-header tm-wrap\"><div class=\"tm-vc_cta3-headers tm-wrap-cell\"><\/div><\/div><\/div><div class=\"tm-cta3-desc-btn-wrapper\"><div class=\"tm-cta3-description\"><div class=\"tm-cta3-content-wrapper\"><p><strong>Mobilit\u00e9 &amp; T\u00e9l\u00e9travail<\/strong> : vous pouvez acc\u00e9der \u00e0 tous vos services t\u00e9l\u00e9phoniques partout, il suffit simplement d&#8217;une connexion internet<\/p><\/div><\/div><\/div><\/div><\/div><\/section><\/div><div class=\"tm-sbox tm-sbox-iconalign-left-spacing none tm-sbox-bgcolor-transparent tm-bgcolor-transparent tm-sbox-textcolor- tm-textcolor- tm-sbox-isize-sm tm-sbox-isize-sm tm-sbox-istyle-none \"><section class=\"tm-vc_cta3-container\"><div class=\"tm-vc_general tm-vc_cta3 tm-vc_cta3-align-left tm-vc_cta3-icon-size-sm tm-vc_cta3-icons-left tm-vc_cta3-actions-no\"><div class=\"tm-vc_cta3-icons tm-wrap-cell\"><div class=\"tm-vc_icon_element tm-vc_icon_element-outer tm-vc_icon_element-align-left \"><div class=\"tm-vc_icon_element-inner  tm-vc_icon_element-color-skincolor tm-vc_icon_element-size-sm tm-vc_icon_element-style-none tm-vc_icon_element-background-color-grey\" ><span class=\"tm-vc_icon_element-icon fa fa-sort-amount-asc\" ><\/span><\/div><\/div><\/div><div class=\"tm-vc_cta3_content-container\"><div class=\"tm-vc_cta3-content\"><div class=\"tm-vc_cta3-content-header tm-wrap\"><div class=\"tm-vc_cta3-headers tm-wrap-cell\"><\/div><\/div><\/div><div class=\"tm-cta3-desc-btn-wrapper\"><div class=\"tm-cta3-description\"><div class=\"tm-cta3-content-wrapper\"><p><strong>R\u00e9duction des co\u00fbts<\/strong> : de nombreuses r\u00e9ductions de vos charges t\u00e9l\u00e9phoniques comme les communications interne &amp; inter-sites&#8230;<\/p><\/div><\/div><\/div><\/div><\/div><\/section><\/div><div class=\"tm-sbox tm-sbox-iconalign-left-spacing none tm-sbox-bgcolor-transparent tm-bgcolor-transparent tm-sbox-textcolor- tm-textcolor- tm-sbox-isize-sm tm-sbox-isize-sm tm-sbox-istyle-none \"><section class=\"tm-vc_cta3-container\"><div class=\"tm-vc_general tm-vc_cta3 tm-vc_cta3-align-left tm-vc_cta3-icon-size-sm tm-vc_cta3-icons-left tm-vc_cta3-actions-no\"><div class=\"tm-vc_cta3-icons tm-wrap-cell\"><div class=\"tm-vc_icon_element tm-vc_icon_element-outer tm-vc_icon_element-align-left \"><div class=\"tm-vc_icon_element-inner  tm-vc_icon_element-color-skincolor tm-vc_icon_element-size-sm tm-vc_icon_element-style-none tm-vc_icon_element-background-color-grey\" ><span class=\"tm-vc_icon_element-icon fa fa-retweet\" ><\/span><\/div><\/div><\/div><div class=\"tm-vc_cta3_content-container\"><div class=\"tm-vc_cta3-content\"><div class=\"tm-vc_cta3-content-header tm-wrap\"><div class=\"tm-vc_cta3-headers tm-wrap-cell\"><\/div><\/div><\/div><div class=\"tm-cta3-desc-btn-wrapper\"><div class=\"tm-cta3-description\"><div class=\"tm-cta3-content-wrapper\"><p>Assurez-vous d\u2019un <strong>service toujours disponible<\/strong> : disponibilit\u00e9 maximum (service redond\u00e9) &amp; support inclus (intervention imm\u00e9diate)<\/p><\/div><\/div><\/div><\/div><\/div><\/section><\/div><div class=\"tm-sbox tm-sbox-iconalign-left-spacing none tm-sbox-bgcolor-transparent tm-bgcolor-transparent tm-sbox-textcolor- tm-textcolor- tm-sbox-isize-sm tm-sbox-isize-sm tm-sbox-istyle-none \"><section class=\"tm-vc_cta3-container\"><div class=\"tm-vc_general tm-vc_cta3 tm-vc_cta3-align-left tm-vc_cta3-icon-size-sm tm-vc_cta3-icons-left tm-vc_cta3-actions-no\"><div class=\"tm-vc_cta3-icons tm-wrap-cell\"><div class=\"tm-vc_icon_element tm-vc_icon_element-outer tm-vc_icon_element-align-left \"><div class=\"tm-vc_icon_element-inner  tm-vc_icon_element-color-skincolor tm-vc_icon_element-size-sm tm-vc_icon_element-style-none tm-vc_icon_element-background-color-grey\" ><span class=\"tm-vc_icon_element-icon themifyicon ti-user\" ><\/span><\/div><\/div><\/div><div class=\"tm-vc_cta3_content-container\"><div class=\"tm-vc_cta3-content\"><div class=\"tm-vc_cta3-content-header tm-wrap\"><div class=\"tm-vc_cta3-headers tm-wrap-cell\"><\/div><\/div><\/div><div class=\"tm-cta3-desc-btn-wrapper\"><div class=\"tm-cta3-description\"><div class=\"tm-cta3-content-wrapper\"><p><strong>Un accompagnement personnalis\u00e9 <\/strong>selon votre besoin : migration, gestion, \u00e9volution&#8230;<strong><br \/>\n<\/strong><\/p><\/div><\/div><\/div><\/div><\/div><\/section><\/div>[\/vc_column_inner][\/vc_row_inner][\/vc_column][\/vc_row]<\/p>\n","protected":false},"excerpt":{"rendered":"<p>[vc_row tm_bgimagefixed=&#8221;&#8221; break_in_responsive=&#8221;991&#8243; full_width=&#8221;stretch_row&#8221; css=&#8221;.vc_custom_1575006205871{padding-top: 97px !important;padding-bottom: 89px !important;}&#8221; tm_responsive_css=&#8221;96019637|colbreak_no|||||||||colbreak_no|||||60px||40px||colbreak_no||||||||||colbreak_no|||||||||&#8221;][vc_column width=&#8221;1\/2&#8243;][vc_separator][\/vc_column][vc_column reduce_extra_padding=&#8221;991&#8243; width=&#8221;1\/2&#8243; css=&#8221;.vc_custom_1575006490551{padding-top: 38px !important;padding-left: 30px !important;}&#8221;][vc_single_image image=&#8221;2301&#8243; img_size=&#8221;full&#8221; css=&#8221;.vc_custom_1642453449387{margin-bottom: 0px !important;}&#8221;][vc_empty_space][vc_column_text]La t\u00e9l\u00e9phonie externalis\u00e9e est une solution innovante de t\u00e9l\u00e9phonie sur IP (ou Voix sur IP) qui permet une r\u00e9elle int\u00e9gration informatique\/t\u00e9l\u00e9phonique. Elle am\u00e9liore vos services avec de nouvelles fonctionnalit\u00e9s : communications unifi\u00e9es softphone &hellip; <a href=\"https:\/\/onetim.fr\/index.php\/telephonie-externalisee\/\" class=\"more-link\">Continue reading <span class=\"screen-reader-text\">T\u00e9l\u00e9phonie Externalis\u00e9e<\/span><\/a><\/p>\n","protected":false},"author":1,"featured_media":0,"parent":0,"menu_order":7,"comment_status":"closed","ping_status":"closed","template":"","meta":[],"_links":{"self":[{"href":"https:\/\/onetim.fr\/index.php\/wp-json\/wp\/v2\/pages\/2297"}],"collection":[{"href":"https:\/\/onetim.fr\/index.php\/wp-json\/wp\/v2\/pages"}],"about":[{"href":"https:\/\/onetim.fr\/index.php\/wp-json\/wp\/v2\/types\/page"}],"author":[{"embeddable":true,"href":"https:\/\/onetim.fr\/index.php\/wp-json\/wp\/v2\/users\/1"}],"replies":[{"embeddable":true,"href":"https:\/\/onetim.fr\/index.php\/wp-json\/wp\/v2\/comments?post=2297"}],"version-history":[{"count":25,"href":"https:\/\/onetim.fr\/index.php\/wp-json\/wp\/v2\/pages\/2297\/revisions"}],"predecessor-version":[{"id":2766,"href":"https:\/\/onetim.fr\/index.php\/wp-json\/wp\/v2\/pages\/2297\/revisions\/2766"}],"wp:attachment":[{"href":"https:\/\/onetim.fr\/index.php\/wp-json\/wp\/v2\/media?parent=2297"}],"curies":[{"name":"wp","href":"https:\/\/api.w.org\/{rel}","templated":true}]}}