{"id":2402,"date":"2022-01-25T19:24:03","date_gmt":"2022-01-25T18:24:03","guid":{"rendered":"https:\/\/onetim.fr\/?page_id=2402"},"modified":"2022-03-13T21:48:28","modified_gmt":"2022-03-13T20:48:28","slug":"partenaires-certifications","status":"publish","type":"page","link":"https:\/\/onetim.fr\/index.php\/partenaires-certifications\/","title":{"rendered":"Partenaires &#038; Certifications"},"content":{"rendered":"<p>[vc_row][vc_column]<h2 style=\"text-align:center;\" class=\"tm-custom-heading \" >Messagerie &amp; Outils collaboratifs<\/h2>\n[\/vc_column][vc_column width=&#8221;1\/5&#8243;][vc_single_image image=&#8221;2406&#8243; img_size=&#8221;full&#8221; onclick=&#8221;zoom&#8221; css_animation=&#8221;none&#8221;][\/vc_column][vc_column width=&#8221;1\/5&#8243;][vc_single_image image=&#8221;2413&#8243; img_size=&#8221;full&#8221; onclick=&#8221;zoom&#8221;][\/vc_column][vc_column width=&#8221;1\/5&#8243;][vc_single_image image=&#8221;2414&#8243; img_size=&#8221;full&#8221; onclick=&#8221;zoom&#8221;][\/vc_column][vc_column width=&#8221;1\/5&#8243;][vc_single_image image=&#8221;2411&#8243; img_size=&#8221;full&#8221; onclick=&#8221;zoom&#8221;][\/vc_column][vc_column width=&#8221;1\/5&#8243;][vc_single_image image=&#8221;2429&#8243; img_size=&#8221;full&#8221; onclick=&#8221;zoom&#8221;][\/vc_column][\/vc_row][vc_row][vc_column]<h2 style=\"text-align:center;\" class=\"tm-custom-heading \" >Syst\u00e8mes<\/h2>\n[\/vc_column][vc_column width=&#8221;1\/6&#8243;][vc_single_image image=&#8221;2417&#8243; img_size=&#8221;full&#8221; onclick=&#8221;zoom&#8221; css_animation=&#8221;none&#8221;][\/vc_column][vc_column width=&#8221;1\/6&#8243;][vc_single_image image=&#8221;2418&#8243; img_size=&#8221;full&#8221; onclick=&#8221;zoom&#8221;][\/vc_column][vc_column width=&#8221;1\/6&#8243;][vc_single_image image=&#8221;2422&#8243; img_size=&#8221;full&#8221; onclick=&#8221;zoom&#8221;][\/vc_column][vc_column width=&#8221;1\/6&#8243;][vc_single_image image=&#8221;2423&#8243; img_size=&#8221;full&#8221; onclick=&#8221;zoom&#8221;][\/vc_column][vc_column width=&#8221;1\/6&#8243;][vc_single_image image=&#8221;2439&#8243; img_size=&#8221;full&#8221; onclick=&#8221;zoom&#8221;][\/vc_column][vc_column width=&#8221;1\/6&#8243;][vc_single_image image=&#8221;2440&#8243; img_size=&#8221;full&#8221; onclick=&#8221;zoom&#8221;][\/vc_column][\/vc_row][vc_row][vc_column]<h2 style=\"text-align:center;\" class=\"tm-custom-heading \" >T\u00e9l\u00e9phonie &amp; Visioconf\u00e9rence<\/h2>\n[\/vc_column][vc_column width=&#8221;1\/5&#8243;][vc_single_image image=&#8221;2436&#8243; img_size=&#8221;full&#8221; onclick=&#8221;zoom&#8221; css_animation=&#8221;none&#8221;][\/vc_column][vc_column width=&#8221;1\/5&#8243;][vc_single_image image=&#8221;2433&#8243; img_size=&#8221;full&#8221; onclick=&#8221;zoom&#8221;][\/vc_column][vc_column width=&#8221;1\/5&#8243;][vc_single_image image=&#8221;2434&#8243; img_size=&#8221;full&#8221; onclick=&#8221;zoom&#8221;][\/vc_column][vc_column width=&#8221;1\/5&#8243;][vc_single_image image=&#8221;2435&#8243; img_size=&#8221;full&#8221; onclick=&#8221;zoom&#8221;][\/vc_column][vc_column width=&#8221;1\/5&#8243;][vc_single_image image=&#8221;2437&#8243; img_size=&#8221;full&#8221; onclick=&#8221;zoom&#8221;][\/vc_column][\/vc_row][vc_row][vc_column]<h2 style=\"text-align:center;\" class=\"tm-custom-heading \" >Infrastructures<\/h2>\n[\/vc_column][vc_column width=&#8221;1\/6&#8243;][vc_single_image image=&#8221;2442&#8243; img_size=&#8221;full&#8221; onclick=&#8221;zoom&#8221; css_animation=&#8221;none&#8221;][\/vc_column][vc_column width=&#8221;1\/6&#8243;][vc_single_image image=&#8221;2443&#8243; img_size=&#8221;full&#8221; onclick=&#8221;zoom&#8221;][\/vc_column][vc_column width=&#8221;1\/6&#8243;][vc_single_image image=&#8221;2445&#8243; img_size=&#8221;full&#8221; onclick=&#8221;zoom&#8221;][\/vc_column][vc_column width=&#8221;1\/6&#8243;][vc_single_image image=&#8221;2444&#8243; img_size=&#8221;full&#8221; onclick=&#8221;zoom&#8221;][\/vc_column][vc_column width=&#8221;1\/6&#8243;][vc_single_image image=&#8221;2449&#8243; img_size=&#8221;full&#8221; onclick=&#8221;zoom&#8221;][\/vc_column][vc_column width=&#8221;1\/6&#8243;][vc_single_image image=&#8221;2463&#8243; img_size=&#8221;full&#8221; onclick=&#8221;zoom&#8221;][\/vc_column][\/vc_row][vc_row][vc_column]<h2 style=\"text-align:center;\" class=\"tm-custom-heading \" >R\u00e9seaux &amp; S\u00e9curit\u00e9<\/h2>\n[\/vc_column][vc_column width=&#8221;1\/6&#8243;][vc_single_image image=&#8221;2451&#8243; img_size=&#8221;full&#8221; onclick=&#8221;zoom&#8221; css_animation=&#8221;none&#8221;][\/vc_column][vc_column width=&#8221;1\/6&#8243;][vc_single_image image=&#8221;2453&#8243; img_size=&#8221;full&#8221; onclick=&#8221;zoom&#8221;][\/vc_column][vc_column width=&#8221;1\/6&#8243;][vc_single_image image=&#8221;2436&#8243; img_size=&#8221;full&#8221; onclick=&#8221;zoom&#8221;][\/vc_column][vc_column width=&#8221;1\/6&#8243;][vc_single_image image=&#8221;2454&#8243; img_size=&#8221;full&#8221; onclick=&#8221;zoom&#8221;][\/vc_column][vc_column width=&#8221;1\/6&#8243;][vc_single_image image=&#8221;2455&#8243; img_size=&#8221;full&#8221; onclick=&#8221;zoom&#8221;][\/vc_column][vc_column width=&#8221;1\/6&#8243;][vc_single_image image=&#8221;2456&#8243; img_size=&#8221;full&#8221; onclick=&#8221;zoom&#8221;][\/vc_column][\/vc_row][vc_row][vc_column]<h2 style=\"text-align:center;\" class=\"tm-custom-heading \" >Virtualisations<\/h2>\n[\/vc_column][vc_column width=&#8221;1\/4&#8243;][vc_single_image image=&#8221;2458&#8243; img_size=&#8221;full&#8221; onclick=&#8221;zoom&#8221; css_animation=&#8221;none&#8221;][\/vc_column][vc_column width=&#8221;1\/4&#8243;][vc_single_image image=&#8221;2460&#8243; img_size=&#8221;full&#8221; onclick=&#8221;zoom&#8221;][\/vc_column][vc_column width=&#8221;1\/4&#8243;][vc_single_image image=&#8221;2462&#8243; img_size=&#8221;full&#8221; onclick=&#8221;zoom&#8221;][\/vc_column][vc_column width=&#8221;1\/4&#8243;][vc_single_image image=&#8221;2461&#8243; img_size=&#8221;full&#8221; onclick=&#8221;zoom&#8221;][\/vc_column][\/vc_row][vc_row][vc_column][vc_empty_space][vc_column_text]Et encore beaucoup d&#8217;autres partenaires. Onetim observe une veille technologique pour proposer \u00e0 ses clients les derni\u00e8res technologies selon leurs besoins.[\/vc_column_text][vc_empty_space]\r\n\t\t<div class=\"tm-vc_btn3-container tm-vc_btn3-center\"><a class=\"tm-vc_general tm-vc_btn3 tm-vc_btn3-size-md tm-vc_btn3-shape-round tm-vc_btn3-style-flat tm-vc_btn3-weight-no tm-vc_btn3-color-skincolor\" href=\"https:\/\/onetim.fr\/index.php\/contact\/\" title=\"Contact\">Contact<\/a><\/div>[\/vc_column][\/vc_row]<\/p>\n","protected":false},"excerpt":{"rendered":"<p>[vc_row][vc_column][\/vc_column][vc_column width=&#8221;1\/5&#8243;][vc_single_image image=&#8221;2406&#8243; img_size=&#8221;full&#8221; onclick=&#8221;zoom&#8221; css_animation=&#8221;none&#8221;][\/vc_column][vc_column width=&#8221;1\/5&#8243;][vc_single_image image=&#8221;2413&#8243; img_size=&#8221;full&#8221; onclick=&#8221;zoom&#8221;][\/vc_column][vc_column width=&#8221;1\/5&#8243;][vc_single_image image=&#8221;2414&#8243; img_size=&#8221;full&#8221; onclick=&#8221;zoom&#8221;][\/vc_column][vc_column width=&#8221;1\/5&#8243;][vc_single_image image=&#8221;2411&#8243; img_size=&#8221;full&#8221; onclick=&#8221;zoom&#8221;][\/vc_column][vc_column width=&#8221;1\/5&#8243;][vc_single_image image=&#8221;2429&#8243; img_size=&#8221;full&#8221; onclick=&#8221;zoom&#8221;][\/vc_column][\/vc_row][vc_row][vc_column][\/vc_column][vc_column width=&#8221;1\/6&#8243;][vc_single_image image=&#8221;2417&#8243; img_size=&#8221;full&#8221; onclick=&#8221;zoom&#8221; css_animation=&#8221;none&#8221;][\/vc_column][vc_column width=&#8221;1\/6&#8243;][vc_single_image image=&#8221;2418&#8243; img_size=&#8221;full&#8221; onclick=&#8221;zoom&#8221;][\/vc_column][vc_column width=&#8221;1\/6&#8243;][vc_single_image image=&#8221;2422&#8243; img_size=&#8221;full&#8221; onclick=&#8221;zoom&#8221;][\/vc_column][vc_column width=&#8221;1\/6&#8243;][vc_single_image image=&#8221;2423&#8243; img_size=&#8221;full&#8221; onclick=&#8221;zoom&#8221;][\/vc_column][vc_column width=&#8221;1\/6&#8243;][vc_single_image image=&#8221;2439&#8243; img_size=&#8221;full&#8221; onclick=&#8221;zoom&#8221;][\/vc_column][vc_column width=&#8221;1\/6&#8243;][vc_single_image image=&#8221;2440&#8243; img_size=&#8221;full&#8221; onclick=&#8221;zoom&#8221;][\/vc_column][\/vc_row][vc_row][vc_column][\/vc_column][vc_column width=&#8221;1\/5&#8243;][vc_single_image image=&#8221;2436&#8243; img_size=&#8221;full&#8221; onclick=&#8221;zoom&#8221; css_animation=&#8221;none&#8221;][\/vc_column][vc_column width=&#8221;1\/5&#8243;][vc_single_image image=&#8221;2433&#8243; img_size=&#8221;full&#8221; &hellip; <a href=\"https:\/\/onetim.fr\/index.php\/partenaires-certifications\/\" class=\"more-link\">Continue reading <span class=\"screen-reader-text\">Partenaires &#038; Certifications<\/span><\/a><\/p>\n","protected":false},"author":1,"featured_media":0,"parent":0,"menu_order":0,"comment_status":"closed","ping_status":"closed","template":"","meta":[],"_links":{"self":[{"href":"https:\/\/onetim.fr\/index.php\/wp-json\/wp\/v2\/pages\/2402"}],"collection":[{"href":"https:\/\/onetim.fr\/index.php\/wp-json\/wp\/v2\/pages"}],"about":[{"href":"https:\/\/onetim.fr\/index.php\/wp-json\/wp\/v2\/types\/page"}],"author":[{"embeddable":true,"href":"https:\/\/onetim.fr\/index.php\/wp-json\/wp\/v2\/users\/1"}],"replies":[{"embeddable":true,"href":"https:\/\/onetim.fr\/index.php\/wp-json\/wp\/v2\/comments?post=2402"}],"version-history":[{"count":24,"href":"https:\/\/onetim.fr\/index.php\/wp-json\/wp\/v2\/pages\/2402\/revisions"}],"predecessor-version":[{"id":2772,"href":"https:\/\/onetim.fr\/index.php\/wp-json\/wp\/v2\/pages\/2402\/revisions\/2772"}],"wp:attachment":[{"href":"https:\/\/onetim.fr\/index.php\/wp-json\/wp\/v2\/media?parent=2402"}],"curies":[{"name":"wp","href":"https:\/\/api.w.org\/{rel}","templated":true}]}}